{"id":214,"date":"2025-04-27T12:27:38","date_gmt":"2025-04-27T10:27:38","guid":{"rendered":"https:\/\/photographe-packshots.fr\/?page_id=214"},"modified":"2026-02-11T10:56:04","modified_gmt":"2026-02-11T09:56:04","slug":"contact","status":"publish","type":"page","link":"https:\/\/photographe-packshots.fr\/index.php\/contact\/","title":{"rendered":"CONTACT"},"content":{"rendered":"\n<h1 class=\"wp-block-heading has-text-align-center\">DEMANDE DE DEVIS<\/h1>\n\n\n<style>.kb-form input.kadence-blocks-field.verify{opacity:0.0;position:absolute;top:0.0;left:0.0;width:0.0;height:0.0;z-index:-1;}<\/style>\n<div class=\"wp-block-kadence-form kadence-form-214_0b2abb-71 kb-form-wrap\"><form class=\"kb-form\" action=\"\" method=\"post\"><div class=\"kadence-blocks-form-field kb-field-desk-width-100 kb-input-size-standard\"><label for=\"kb_field_214_0b2abb-71_0\">Nom<\/label><input name=\"kb_field_0\" id=\"kb_field_214_0b2abb-71_0\" data-label=\"Nom\" type=\"text\" placeholder=\"\" value=\"\" data-type=\"text\" class=\"kb-field kb-text-style-field kb-text-field kb-field-0\"\/><\/div><div class=\"kadence-blocks-form-field kb-form-field-1 kb-field-desk-width-100 kb-input-size-standard\"><label for=\"kb_field_214_0b2abb-71_1\">Courriel<span class=\"required\">*<\/span><\/label><input name=\"kb_field_1\" id=\"kb_field_214_0b2abb-71_1\" data-label=\"Courriel\" type=\"email\" placeholder=\"\" value=\"\" data-type=\"email\" class=\"kb-field kb-text-style-field kb-email-field kb-field-1\" data-required=\"yes\"\/><\/div><div class=\"kadence-blocks-form-field kb-form-field-2 kb-field-desk-width-100 kb-input-size-standard\"><label for=\"kb_field_214_0b2abb-71_2\">Message<span class=\"required\">*<\/span><\/label><textarea name=\"kb_field_2\" id=\"kb_field_214_0b2abb-71_2\" data-label=\"Message\" type=\"textarea\" placeholder=\"Produits phares, r\u00e9f\u00e9rences visuelles, contraintes de marque, formats de livraison, etc...\" data-type=\"textarea\" class=\"kb-field kb-text-style-field kb-textarea-field kb-field-2\" rows=\"4\" data-required=\"yes\"><\/textarea><\/div><input type=\"hidden\" name=\"_kb_form_id\" value=\"214_0b2abb-71\"\/><input type=\"hidden\" name=\"_kb_form_post_id\" value=\"214\"\/><input type=\"hidden\" name=\"action\" value=\"kb_process_ajax_submit\"\/><label class=\"kadence-verify-label\">Email<input class=\"kadence-blocks-field verify\" type=\"text\" name=\"_kb_verify_email\" autocomplete=\"new-password\" aria-hidden=\"true\" placeholder=\"Email\" tabindex=\"-1\" data-1p-ignore=\"true\" data-lpignore=\"true\" \/><\/label><div class=\"kadence-blocks-form-field kb-submit-field kb-field-desk-width-100\"><button class=\"kb-forms-submit button kb-button-size-standard kb-button-width-auto\">Submit<\/button><\/div><\/form><\/div>\n<noscript><div class=\"kadence-blocks-form-message kadence-blocks-form-warning\">Veuillez activer JavaScript dans votre navigateur pour envoyer le formulaire.<\/div><style>.kadence-form-214_0b2abb-71 .kadence-blocks-form-field.kb-submit-field { display: none; }<\/style><\/noscript>\n\n\n<p class=\"has-text-align-center\">SUR RDV UNIQUEMENT<\/p>\n\n\n\n<h2 class=\"wp-block-heading has-text-align-center has-medium-font-size\">Studio photo \u00e0 Bordeaux<\/h2>\n\n\n\n<p class=\"has-text-align-center\">Arr\u00eat de tramway Belcier. Acc\u00e8s facile.<\/p>\n\n\n\n<div class=\"map-embed\">\n  <iframe\n    src=\"https:\/\/www.google.com\/maps\/embed?pb=!1m18!1m12!1m3!1d2829.9921545609072!2d-0.5539578228844952!3d44.821724471070745!2m3!1f0!2f0!3f0!3m2!1i1024!2i768!4f13.1!3m3!1m2!1s0xd552644d0a72a23%3A0xcf53fa5291b2d342!2sRue%20Raymond%20Auguste%20Monvoisin%2C%2033800%20Bordeaux!5e0!3m2!1sfr!2sfr!4v1758014501055!5m2!1sfr!2sfr\" \n    title=\"Localisation du studio photo \u00e0 Bordeaux \u2014 arr\u00eat de tram Belcier\"\n    style=\"border:0;\"\n    loading=\"lazy\"\n    allow=\"fullscreen\"\n    referrerpolicy=\"no-referrer-when-downgrade\">\n  <\/iframe>\n<\/div>\n\n<style>\n  .map-embed { max-width: 900px; margin: 0 auto; }\n  .map-embed iframe {\n    width: 100%;\n    aspect-ratio: 4 \/ 3; \/* 600x450 *\/\n    height: auto;\n    display: block;\n  }\n<\/style>\n","protected":false},"excerpt":{"rendered":"<p>DEMANDE DE DEVIS SUR RDV UNIQUEMENT Studio photo \u00e0 Bordeaux Arr\u00eat de tramway Belcier. Acc\u00e8s facile.<\/p>\n","protected":false},"author":1,"featured_media":0,"parent":0,"menu_order":3,"comment_status":"closed","ping_status":"closed","template":"","meta":{"_kad_post_transparent":"","_kad_post_title":"hide","_kad_post_layout":"","_kad_post_sidebar_id":"","_kad_post_content_style":"","_kad_post_vertical_padding":"","_kad_post_feature":"","_kad_post_feature_position":"","_kad_post_header":false,"_kad_post_footer":false,"_kad_post_classname":"","footnotes":""},"class_list":["post-214","page","type-page","status-publish","hentry"],"yoast_head":"<!-- This site is optimized with the Yoast SEO plugin v26.9 - https:\/\/yoast.com\/product\/yoast-seo-wordpress\/ -->\n<title>CONTACT - PHOTOGRAPHE PACKSHOTS BORDEAUX<\/title>\n<meta name=\"robots\" content=\"index, follow, max-snippet:-1, max-image-preview:large, max-video-preview:-1\" \/>\n<link rel=\"canonical\" href=\"https:\/\/photographe-packshots.fr\/index.php\/contact\/\" \/>\n<meta property=\"og:locale\" content=\"fr_FR\" \/>\n<meta property=\"og:type\" content=\"article\" \/>\n<meta property=\"og:title\" content=\"CONTACT - PHOTOGRAPHE PACKSHOTS BORDEAUX\" \/>\n<meta property=\"og:description\" content=\"DEMANDE DE DEVIS SUR RDV UNIQUEMENT Studio photo \u00e0 Bordeaux Arr\u00eat de tramway Belcier. Acc\u00e8s facile.\" \/>\n<meta property=\"og:url\" content=\"https:\/\/photographe-packshots.fr\/index.php\/contact\/\" \/>\n<meta property=\"og:site_name\" content=\"PHOTOGRAPHE PACKSHOTS BORDEAUX\" \/>\n<meta property=\"article:modified_time\" content=\"2026-02-11T09:56:04+00:00\" \/>\n<meta name=\"twitter:card\" content=\"summary_large_image\" \/>\n<meta name=\"twitter:label1\" content=\"Dur\u00e9e de lecture estim\u00e9e\" \/>\n\t<meta name=\"twitter:data1\" content=\"1 minute\" \/>\n<script type=\"application\/ld+json\" class=\"yoast-schema-graph\">{\"@context\":\"https:\/\/schema.org\",\"@graph\":[{\"@type\":\"WebPage\",\"@id\":\"https:\/\/photographe-packshots.fr\/index.php\/contact\/\",\"url\":\"https:\/\/photographe-packshots.fr\/index.php\/contact\/\",\"name\":\"CONTACT - PHOTOGRAPHE PACKSHOTS BORDEAUX\",\"isPartOf\":{\"@id\":\"https:\/\/photographe-packshots.fr\/#website\"},\"datePublished\":\"2025-04-27T10:27:38+00:00\",\"dateModified\":\"2026-02-11T09:56:04+00:00\",\"breadcrumb\":{\"@id\":\"https:\/\/photographe-packshots.fr\/index.php\/contact\/#breadcrumb\"},\"inLanguage\":\"fr-FR\",\"potentialAction\":[{\"@type\":\"ReadAction\",\"target\":[\"https:\/\/photographe-packshots.fr\/index.php\/contact\/\"]}]},{\"@type\":\"BreadcrumbList\",\"@id\":\"https:\/\/photographe-packshots.fr\/index.php\/contact\/#breadcrumb\",\"itemListElement\":[{\"@type\":\"ListItem\",\"position\":1,\"name\":\"Accueil\",\"item\":\"https:\/\/photographe-packshots.fr\/\"},{\"@type\":\"ListItem\",\"position\":2,\"name\":\"CONTACT\"}]},{\"@type\":\"WebSite\",\"@id\":\"https:\/\/photographe-packshots.fr\/#website\",\"url\":\"https:\/\/photographe-packshots.fr\/\",\"name\":\"PHOTOGRAPHE PACKSHOTS BORDEAUX\",\"description\":\"STUDIO NICOLAS LOUIS\",\"potentialAction\":[{\"@type\":\"SearchAction\",\"target\":{\"@type\":\"EntryPoint\",\"urlTemplate\":\"https:\/\/photographe-packshots.fr\/?s={search_term_string}\"},\"query-input\":{\"@type\":\"PropertyValueSpecification\",\"valueRequired\":true,\"valueName\":\"search_term_string\"}}],\"inLanguage\":\"fr-FR\"}]}<\/script>\n<!-- \/ Yoast SEO plugin. -->","yoast_head_json":{"title":"CONTACT - PHOTOGRAPHE PACKSHOTS BORDEAUX","robots":{"index":"index","follow":"follow","max-snippet":"max-snippet:-1","max-image-preview":"max-image-preview:large","max-video-preview":"max-video-preview:-1"},"canonical":"https:\/\/photographe-packshots.fr\/index.php\/contact\/","og_locale":"fr_FR","og_type":"article","og_title":"CONTACT - PHOTOGRAPHE PACKSHOTS BORDEAUX","og_description":"DEMANDE DE DEVIS SUR RDV UNIQUEMENT Studio photo \u00e0 Bordeaux Arr\u00eat de tramway Belcier. Acc\u00e8s facile.","og_url":"https:\/\/photographe-packshots.fr\/index.php\/contact\/","og_site_name":"PHOTOGRAPHE PACKSHOTS BORDEAUX","article_modified_time":"2026-02-11T09:56:04+00:00","twitter_card":"summary_large_image","twitter_misc":{"Dur\u00e9e de lecture estim\u00e9e":"1 minute"},"schema":{"@context":"https:\/\/schema.org","@graph":[{"@type":"WebPage","@id":"https:\/\/photographe-packshots.fr\/index.php\/contact\/","url":"https:\/\/photographe-packshots.fr\/index.php\/contact\/","name":"CONTACT - PHOTOGRAPHE PACKSHOTS BORDEAUX","isPartOf":{"@id":"https:\/\/photographe-packshots.fr\/#website"},"datePublished":"2025-04-27T10:27:38+00:00","dateModified":"2026-02-11T09:56:04+00:00","breadcrumb":{"@id":"https:\/\/photographe-packshots.fr\/index.php\/contact\/#breadcrumb"},"inLanguage":"fr-FR","potentialAction":[{"@type":"ReadAction","target":["https:\/\/photographe-packshots.fr\/index.php\/contact\/"]}]},{"@type":"BreadcrumbList","@id":"https:\/\/photographe-packshots.fr\/index.php\/contact\/#breadcrumb","itemListElement":[{"@type":"ListItem","position":1,"name":"Accueil","item":"https:\/\/photographe-packshots.fr\/"},{"@type":"ListItem","position":2,"name":"CONTACT"}]},{"@type":"WebSite","@id":"https:\/\/photographe-packshots.fr\/#website","url":"https:\/\/photographe-packshots.fr\/","name":"PHOTOGRAPHE PACKSHOTS BORDEAUX","description":"STUDIO NICOLAS LOUIS","potentialAction":[{"@type":"SearchAction","target":{"@type":"EntryPoint","urlTemplate":"https:\/\/photographe-packshots.fr\/?s={search_term_string}"},"query-input":{"@type":"PropertyValueSpecification","valueRequired":true,"valueName":"search_term_string"}}],"inLanguage":"fr-FR"}]}},"_links":{"self":[{"href":"https:\/\/photographe-packshots.fr\/index.php\/wp-json\/wp\/v2\/pages\/214","targetHints":{"allow":["GET"]}}],"collection":[{"href":"https:\/\/photographe-packshots.fr\/index.php\/wp-json\/wp\/v2\/pages"}],"about":[{"href":"https:\/\/photographe-packshots.fr\/index.php\/wp-json\/wp\/v2\/types\/page"}],"author":[{"embeddable":true,"href":"https:\/\/photographe-packshots.fr\/index.php\/wp-json\/wp\/v2\/users\/1"}],"replies":[{"embeddable":true,"href":"https:\/\/photographe-packshots.fr\/index.php\/wp-json\/wp\/v2\/comments?post=214"}],"version-history":[{"count":15,"href":"https:\/\/photographe-packshots.fr\/index.php\/wp-json\/wp\/v2\/pages\/214\/revisions"}],"predecessor-version":[{"id":766,"href":"https:\/\/photographe-packshots.fr\/index.php\/wp-json\/wp\/v2\/pages\/214\/revisions\/766"}],"wp:attachment":[{"href":"https:\/\/photographe-packshots.fr\/index.php\/wp-json\/wp\/v2\/media?parent=214"}],"curies":[{"name":"wp","href":"https:\/\/api.w.org\/{rel}","templated":true}]}}